{"id":39435,"date":"2021-09-29T09:00:50","date_gmt":"2021-09-29T09:00:50","guid":{"rendered":"https:\/\/www.aloa.hu\/?page_id=39435"},"modified":"2021-09-29T09:00:50","modified_gmt":"2021-09-29T09:00:50","slug":"membership-registration-2","status":"publish","type":"page","link":"https:\/\/www.aloa.hu\/?page_id=39435","title":{"rendered":"Regisztr\u00e1ci\u00f3"},"content":{"rendered":"<div class=\"swpm-registration-widget-form\">\n    <form id=\"swpm-registration-form\" class=\"swpm-validate-form\" name=\"swpm-registration-form\" method=\"post\" action=\"\">\n        <input type =\"hidden\" name=\"level_identifier\" value=\"c81e728d9d4c2f636f067f89cc14862c\" \/>\n        <table>\n            <tr class=\"swpm-registration-username-row\" >\n                <td><label for=\"user_name\">Felhaszn\u00e1l\u00f3n\u00e9v<\/label><\/td>\n                <td><input type=\"text\" id=\"user_name\" class=\"validate[required,custom[noapostrophe],custom[SWPMUserName],minSize[4],ajax[ajaxUserCall]]\" value=\"\" size=\"50\" name=\"user_name\" \/><\/td>\n            <\/tr>\n            <tr class=\"swpm-registration-email-row\">\n                <td><label for=\"email\">E-mail c\u00edm<\/label><\/td>\n                <td><input type=\"text\" autocomplete=\"off\" id=\"email\" class=\"validate[required,custom[email],ajax[ajaxEmailCall]]\" value=\"\" size=\"50\" name=\"email\" \/><\/td>\n            <\/tr>\n            <tr class=\"swpm-registration-password-row\">\n                <td><label for=\"password\">Jelsz\u00f3<\/label><\/td>\n                <td><input type=\"password\" autocomplete=\"off\" id=\"password\" class=\"\" value=\"\" size=\"50\" name=\"password\" \/><\/td>\n            <\/tr>\n            <tr class=\"swpm-registration-password-retype-row\">\n                <td><label for=\"password_re\">Jelsz\u00f3 \u00fajra<\/label><\/td>\n                <td><input type=\"password\" autocomplete=\"off\" id=\"password_re\" value=\"\" size=\"50\" name=\"password_re\" \/><\/td>\n            <\/tr>\n            <tr class=\"swpm-registration-firstname-row\" >\n                <td><label for=\"first_name\">Keresztn\u00e9v<\/label><\/td>\n                <td><input type=\"text\" id=\"first_name\" value=\"\" size=\"50\" name=\"first_name\" \/><\/td>\n            <\/tr>\n            <tr class=\"swpm-registration-lastname-row\" >\n                <td><label for=\"last_name\">Csal\u00e1dn\u00e9v<\/label><\/td>\n                <td><input type=\"text\" id=\"last_name\" value=\"\" size=\"50\" name=\"last_name\" \/><\/td>\n            <\/tr>\n            <tr class=\"swpm-registration-membership-level-row\" >\n                <td><label for=\"membership_level\">Felhaszn\u00e1l\u00f3i szint<\/label><\/td>\n                <td>\n                    Regisztr\u00e1lt felhaszn\u00e1l\u00f3<input type=\"hidden\" value=\"2\" size=\"50\" name=\"swpm_membership_level\" id=\"membership_level\" \/><input type=\"hidden\" name=\"swpm_level_hash\" value=\"0ae65bb18b03742f0f3aaa3ca2955d9c\" \/>                <\/td>\n            <\/tr>\n                    <\/table>\n\n        <div class=\"swpm-before-registration-submit-section\" align=\"center\"><\/div>\n\n        <div class=\"swpm-registration-submit-section\" align=\"center\">\n            <input type=\"submit\" value=\"Regisztr\u00e1ci\u00f3\" class=\"swpm-registration-submit\" name=\"swpm_registration_submit\" \/>\n        <\/div>\n\n        <input type=\"hidden\" name=\"action\" value=\"custom_posts\" \/>\n\n    <\/form>\n<\/div>\n\n","protected":false},"excerpt":{"rendered":"","protected":false},"author":1,"featured_media":0,"parent":39355,"menu_order":0,"comment_status":"closed","ping_status":"closed","template":"","meta":{"footnotes":""},"class_list":["post-39435","page","type-page","status-publish","hentry"],"_links":{"self":[{"href":"https:\/\/www.aloa.hu\/index.php?rest_route=\/wp\/v2\/pages\/39435","targetHints":{"allow":["GET"]}}],"collection":[{"href":"https:\/\/www.aloa.hu\/index.php?rest_route=\/wp\/v2\/pages"}],"about":[{"href":"https:\/\/www.aloa.hu\/index.php?rest_route=\/wp\/v2\/types\/page"}],"author":[{"embeddable":true,"href":"https:\/\/www.aloa.hu\/index.php?rest_route=\/wp\/v2\/users\/1"}],"replies":[{"embeddable":true,"href":"https:\/\/www.aloa.hu\/index.php?rest_route=%2Fwp%2Fv2%2Fcomments&post=39435"}],"version-history":[{"count":0,"href":"https:\/\/www.aloa.hu\/index.php?rest_route=\/wp\/v2\/pages\/39435\/revisions"}],"up":[{"embeddable":true,"href":"https:\/\/www.aloa.hu\/index.php?rest_route=\/wp\/v2\/pages\/39355"}],"wp:attachment":[{"href":"https:\/\/www.aloa.hu\/index.php?rest_route=%2Fwp%2Fv2%2Fmedia&parent=39435"}],"curies":[{"name":"wp","href":"https:\/\/api.w.org\/{rel}","templated":true}]}}