{"id":39437,"date":"2021-09-29T09:00:50","date_gmt":"2021-09-29T09:00:50","guid":{"rendered":"https:\/\/www.aloa.hu\/?page_id=39437"},"modified":"2021-09-29T09:00:50","modified_gmt":"2021-09-29T09:00:50","slug":"password-reset-2","status":"publish","type":"page","link":"https:\/\/www.aloa.hu\/?page_id=39437","title":{"rendered":"\u00daj jelsz\u00f3 k\u00e9r\u00e9se"},"content":{"rendered":"<div class=\"swpm-pw-reset-widget-form\">\n    <form id=\"swpm-pw-reset-form\" name=\"swpm-reset-form\" method=\"post\" action=\"\">\n        <div class=\"swpm-pw-reset-widget-inside\">\n            <div class=\"swpm-pw-reset-email swpm-margin-top-10\">\n                <label for=\"swpm_reset_email\" class=\"swpm_label swpm-pw-reset-email-label\">E-mail c\u00edm<\/label>\n            <\/div>\n            <div class=\"swpm-pw-reset-email-input swpm-margin-top-10\">\n                <input type=\"text\" name=\"swpm_reset_email\" class=\"swpm-text-field swpm-pw-reset-text\" id=\"swpm_reset_email\"  value=\"\" size=\"30\" \/>\n            <\/div>\n            <div class=\"swpm-before-login-submit-section\"><\/div>\n            <div class=\"swpm-pw-reset-submit-button\">\n                <input type=\"submit\" name=\"swpm-reset\" class=\"swpm-pw-reset-submit\" value=\"Jelsz\u00f3 vissza\u00e1ll\u00edt\u00e1sa\" \/>\n            <\/div>\n        <\/div>\n    <\/form>\n<\/div>\n<div class=\"swpm_pass_reset_processing_msg_section\">\n    <p id=\"swpm_pass_reset_processing_msg\" hidden=\"hidden\">\n        Processing password reset request...    <\/p>\n<\/div>\n<script>\n  document.getElementById(\"swpm-pw-reset-form\").addEventListener(\"submit\", function() {\n  let p = document.getElementById('swpm_pass_reset_processing_msg');\n    p.removeAttribute(\"hidden\");\n  });\n<\/script>\n\n","protected":false},"excerpt":{"rendered":"","protected":false},"author":1,"featured_media":0,"parent":39358,"menu_order":0,"comment_status":"closed","ping_status":"closed","template":"","meta":{"footnotes":""},"class_list":["post-39437","page","type-page","status-publish","hentry"],"_links":{"self":[{"href":"https:\/\/www.aloa.hu\/index.php?rest_route=\/wp\/v2\/pages\/39437","targetHints":{"allow":["GET"]}}],"collection":[{"href":"https:\/\/www.aloa.hu\/index.php?rest_route=\/wp\/v2\/pages"}],"about":[{"href":"https:\/\/www.aloa.hu\/index.php?rest_route=\/wp\/v2\/types\/page"}],"author":[{"embeddable":true,"href":"https:\/\/www.aloa.hu\/index.php?rest_route=\/wp\/v2\/users\/1"}],"replies":[{"embeddable":true,"href":"https:\/\/www.aloa.hu\/index.php?rest_route=%2Fwp%2Fv2%2Fcomments&post=39437"}],"version-history":[{"count":0,"href":"https:\/\/www.aloa.hu\/index.php?rest_route=\/wp\/v2\/pages\/39437\/revisions"}],"up":[{"embeddable":true,"href":"https:\/\/www.aloa.hu\/index.php?rest_route=\/wp\/v2\/pages\/39358"}],"wp:attachment":[{"href":"https:\/\/www.aloa.hu\/index.php?rest_route=%2Fwp%2Fv2%2Fmedia&parent=39437"}],"curies":[{"name":"wp","href":"https:\/\/api.w.org\/{rel}","templated":true}]}}