{"id":39562,"date":"2021-10-18T15:53:12","date_gmt":"2021-10-18T13:53:12","guid":{"rendered":"https:\/\/www.aloa.hu\/about\/"},"modified":"2024-11-13T12:49:20","modified_gmt":"2024-11-13T11:49:20","slug":"clone","status":"publish","type":"page","link":"https:\/\/www.aloa.hu\/","title":{"rendered":"Web\u00e1ruh\u00e1zaink"},"content":{"rendered":"\n<p>Sokan arra akarnak r\u00e1venni, hogy dr\u00e1ga kezd\u0151csomagokkal kezdj h\u00e1l\u00f3zat \u00e9p\u00edt\u00e9sbe? <strong>Itt nincs ilyen. <\/strong>Minden\u00fctt egy egyszer\u0171 web\u00e1ruh\u00e1zba tudsz regisztr\u00e1lni, ahol kedvezm\u00e9nyes \u00e1ron v\u00e1s\u00e1rolhatsz.<\/p>\n\n\n\n<p>De el\u0151bb n\u00e9zd meg a weboldal elej\u00e9t: <a href=\"https:\/\/www.aloa.hu\/?page_id=39344\" target=\"_blank\" rel=\"noreferrer noopener\">Kezd\u0151lap<\/a><\/p>\n\n\n\n<hr class=\"wp-block-separator has-alpha-channel-opacity\"\/>\n\n\n\n<h3 class=\"wp-block-heading\"><strong><a href=\"https:\/\/aloa.superpatch.com\" target=\"_blank\" rel=\"noreferrer noopener\">SuperPatch (Szupertapasz)<\/a><\/strong><\/h3>\n\n\n\n<p>A leg\u00fajabb seg\u00edts\u00e9g, a szuper tapaszok: <\/p>\n\n\n\n<ul class=\"wp-block-list\">\n<li><strong>Nincs hat\u00f3anyag <\/strong>(Egy QR k\u00f3dot kap a b\u0151r\u00f6d\u00f6n kereszt\u00fcl az agyad)<\/li>\n\n\n\n<li>Nincs irrit\u00e1ci\u00f3<\/li>\n\n\n\n<li>El\u00e9rhet\u0151 \u00e1ron van<\/li>\n\n\n\n<li>Jelenleg: Freedom (f\u00e1jdalom csillap\u00edt\u00f3), REM (alv\u00e1s seg\u00edt\u0151), Victory (fizikai er\u0151nl\u00e9t jav\u00edt\u00f3), Focus (agym\u0171k\u00f6d\u00e9s serkent\u0151), Defend (immunrendszer er\u0151s\u00edt\u0151), Flow (koncentr\u00e1ci\u00f3), Peace (stresszold\u00f3), Liberty (alap tapasz, mozg\u00e1s jav\u00edt\u00f3, m\u00e1s tapaszok hat\u00e1s\u00e1t er\u0151s\u00edti), Ignite (fogyaszt\u00f3), Kick It (rossz szok\u00e1sok ellen)<\/li>\n<\/ul>\n\n\n\n<h2 class=\"wp-block-heading\">N\u00e9zz csak k\u00f6r\u00fcl: <a href=\"https:\/\/aloa.superpatch.com\" target=\"_blank\" rel=\"noreferrer noopener\">www.superpatch.com<\/a><\/h2>\n\n\n\n<p>\u00c9s hogy mi is ez? Hogy m\u0171k\u00f6dik? \u00cdme egy vide\u00f3: <\/p>\n\n\n\n<div class=\"wp-block-buttons is-layout-flex wp-block-buttons-is-layout-flex\">\n<div class=\"wp-block-button\"><a class=\"wp-block-button__link wp-element-button\" href=\"https:\/\/youtu.be\/_5XOMpvLbTQ?si=1Pcq5hho4k3JfIoC\" target=\"_blank\" rel=\"noreferrer noopener\">N\u00e9zd meg a vide\u00f3t<\/a><\/div>\n\n\n\n<div class=\"wp-block-button\"><a class=\"wp-block-button__link wp-element-button\" href=\"https:\/\/youtu.be\/d-nrcP5avSs?si=Gs8N8Uqrcv5K-uT6\" target=\"_blank\" rel=\"noreferrer noopener\">N\u00e9zd meg ezt is (alv\u00e1s seg\u00edt\u0151)<\/a><\/div>\n<\/div>\n\n\n\n<hr class=\"wp-block-separator has-alpha-channel-opacity\"\/>\n\n\n\n<figure class=\"wp-block-image size-large\"><a href=\"https:\/\/aloa.superpatch.com\" target=\"_blank\" rel=\"A szuper tapasz shop noopener\"><img loading=\"lazy\" decoding=\"async\" width=\"1024\" height=\"491\" src=\"https:\/\/www.aloa.hu\/wp-content\/uploads\/2023\/10\/Kepernyokep-2023-10-24-155522-1024x491.png\" alt=\"\" class=\"wp-image-40049\" srcset=\"https:\/\/www.aloa.hu\/wp-content\/uploads\/2023\/10\/Kepernyokep-2023-10-24-155522-1024x491.png 1024w, https:\/\/www.aloa.hu\/wp-content\/uploads\/2023\/10\/Kepernyokep-2023-10-24-155522-300x144.png 300w, https:\/\/www.aloa.hu\/wp-content\/uploads\/2023\/10\/Kepernyokep-2023-10-24-155522-768x368.png 768w, https:\/\/www.aloa.hu\/wp-content\/uploads\/2023\/10\/Kepernyokep-2023-10-24-155522-1536x737.png 1536w, https:\/\/www.aloa.hu\/wp-content\/uploads\/2023\/10\/Kepernyokep-2023-10-24-155522.png 1714w\" sizes=\"auto, (max-width: 1024px) 100vw, 1024px\" \/><\/a><figcaption class=\"wp-element-caption\">A legfontosabb tulajdons\u00e1gok<\/figcaption><\/figure>\n\n\n\n<hr class=\"wp-block-separator has-alpha-channel-opacity\"\/>\n\n\n\n<h3 class=\"wp-block-heading\" id=\"life-care\"><strong>USA Medical<\/strong><\/h3>\n\n\n\n<p><\/p>\n\n\n\n<p>Itt m\u00e9g csak regisztr\u00e1lni sem kell (S\u0150T, ha nekem j\u00f3t akarsz NE is regisztr\u00e1lj!), viszont meg kell adni a sz\u00e1ll\u00edt\u00e1si adataidat!<\/p>\n\n\n\n<p>Kiv\u00e1l\u00f3 min\u0151s\u00e9g\u0171 t\u00e1pl\u00e1l\u00e9k-kieg\u00e9sz\u00edt\u0151ket tal\u00e1lsz, igaz\u00e1n j\u00f3 \u00e1ron.<\/p>\n\n\n\n<p>Pr\u00f3b\u00e1ld csak ki, n\u00e9zz k\u00f6r\u00fcl a web\u00e1ruh\u00e1zban: Ne felejtsd el haszn\u00e1lni a k\u00f6vetkez\u0151 kupont: <strong>ELESI15<\/strong>, erre azonnal kapsz 15% kedvezm\u00e9nyt<strong>*<\/strong>!<\/p>\n\n\n\n<p><strong>*<\/strong><em>A kupon a web\u00e1ruh\u00e1zban egy alkalommal haszn\u00e1lhat\u00f3 fel a teljes \u00e1ron \u00e9rt\u00e9kes\u00edtett term\u00e9kekre, m\u00e1s kuponk\u00f3dokkal nem vonhat\u00f3 \u00f6ssze. Akci\u00f3s term\u00e9kekre \u00e9s csomagaj\u00e1nlatokra nem v\u00e1lthat\u00f3 be.<\/em><\/p>\n\n\n\n<p><a href=\"https:\/\/usamedical.hu\/?ref=57\" target=\"_blank\" rel=\"noreferrer noopener\">USA Medical web\u00e1ruh\u00e1z<\/a><\/p>\n\n\n\n<h3 class=\"wp-block-heading\" id=\"life-care\"><strong>Life Care<\/strong><\/h3>\n\n\n\n<p><\/p>\n\n\n\n<p>Mindenki szeretne kedvez\u0151 \u00e1ron hozz\u00e1jutni megfelel\u0151 \u00e9trend kieg\u00e9sz\u00edt\u0151, szem\u00e9lyi higi\u00e9ni\u00e1ban \u00e9s a h\u00e1ztart\u00e1sban haszn\u00e1latos egy\u00e9b term\u00e9kekhez is. &nbsp;<\/p>\n\n\n\n<p>Gyakorlati tapasztalatom, hogy&nbsp;<strong>itt kb. olyan \u00e1ron v\u00e1s\u00e1rolhatsz, mint egy drog\u00e9ri\u00e1ban \u00e9s sokkal olcs\u00f3bban, mint egy patik\u00e1ban.<\/strong>&nbsp;Rengeteg kiv\u00e1l\u00f3 term\u00e9k van.<\/p>\n\n\n\n<p>Regisztr\u00e1lj ingyenesen \u00e9s mindent legal\u00e1bb 20% kedvezm\u00e9nnyel fogsz tudni megkapni.<\/p>\n\n\n\n<p>\u00c9s ha megh\u00edvod bar\u00e1taidat, akkor tov\u00e1bb cs\u00f6kkentheted a fizetend\u0151 \u00f6sszegeidet.<\/p>\n\n\n\n<p>\u00cdrd be a neved \u00e9s email c\u00edmedet \u00e9s azonnal megny\u00edlik a regisztr\u00e1ci\u00f3s oldal:<\/p>\n\n\n\n<div class=\"forminator-guttenberg\"><div class=\"forminator-ui forminator-custom-form forminator-custom-form-40096 forminator-design--default  forminator_ajax\" data-forminator-render=\"0\" data-form=\"forminator-module-40096\" data-uid=\"69e00f9018702\"><br\/><\/div><form\n\t\t\t\tid=\"forminator-module-40096\"\n\t\t\t\tclass=\"forminator-ui forminator-custom-form forminator-custom-form-40096 forminator-design--default  forminator_ajax\"\n\t\t\t\tmethod=\"post\"\n\t\t\t\tdata-forminator-render=\"0\"\n\t\t\t\tdata-form-id=\"40096\"\n\t\t\t\t\n\t\t\t\tdata-design=\"default\"\n\t\t\t\t\n\t\t\t\t\n\t\t\t\t\n\t\t\t\tdata-grid=\"open\"\n\t\t\t\t\n\t\t\t\t\n\t\t\t\tstyle=\"display: none;\"\n\t\t\t\t\n\t\t\t\tdata-uid=\"69e00f9018702\"\n\t\t\t><div role=\"alert\" aria-live=\"polite\" class=\"forminator-response-message forminator-error\" aria-hidden=\"true\"><\/div><div class=\"forminator-row\"><div id=\"name-1\" class=\"forminator-field-name forminator-col forminator-col-12 \"><div class=\"forminator-field\"><label for=\"forminator-field-name-1_69e00f9018702\" id=\"forminator-field-name-1_69e00f9018702-label\" class=\"forminator-label\">Neved <span class=\"forminator-required\">*<\/span><\/label><input type=\"text\" name=\"name-1\" value=\"\" placeholder=\"\" id=\"forminator-field-name-1_69e00f9018702\" class=\"forminator-input forminator-name--field\" aria-required=\"true\" \/><\/div><\/div><\/div><div class=\"forminator-row\"><div id=\"email-1\" class=\"forminator-field-email forminator-col forminator-col-12 \"><div class=\"forminator-field\"><label for=\"forminator-field-email-1_69e00f9018702\" id=\"forminator-field-email-1_69e00f9018702-label\" class=\"forminator-label\">Email c\u00edmed <span class=\"forminator-required\">*<\/span><\/label><input type=\"email\" name=\"email-1\" value=\"\" placeholder=\"\" id=\"forminator-field-email-1_69e00f9018702\" class=\"forminator-input forminator-email--field\" data-required=\"true\" aria-required=\"true\" \/><\/div><\/div><\/div><div class=\"forminator-row\"><div id=\"captcha-1\" class=\"forminator-field-captcha forminator-col forminator-col-12 \"><div class=\"forminator-captcha-left forminator-g-recaptcha\" data-theme=\"light\"  data-sitekey=\"6Lc3eKspAAAAAKx2JNHANjy44Rqu_JGhY8UfXVit\" data-size=\"normal\"><\/div> <\/div><\/div><input type=\"hidden\" name=\"referer_url\" value=\"\" \/><div class=\"forminator-row forminator-row-last\"><div class=\"forminator-col\"><div class=\"forminator-field\"><button class=\"forminator-button forminator-button-submit\">K&eacute;rem a linket<\/button><\/div><\/div><\/div><input type=\"hidden\" id=\"forminator_nonce\" name=\"forminator_nonce\" value=\"d697c621b5\" \/><input type=\"hidden\" name=\"_wp_http_referer\" value=\"\/index.php?rest_route=%2Fwp%2Fv2%2Fpages%2F39562\" \/><input type=\"hidden\" name=\"form_id\" value=\"40096\"><input type=\"hidden\" name=\"page_id\" value=\"39562\"><input type=\"hidden\" name=\"form_type\" value=\"default\"><input type=\"hidden\" name=\"current_url\" value=\"https:\/\/www.aloa.hu\/\"><input type=\"hidden\" name=\"render_id\" value=\"0\"><input type=\"hidden\" name=\"action\" value=\"forminator_submit_form_custom-forms\"><\/form><\/div>\n\n\n\n<p><\/p>\n\n\n\n<hr class=\"wp-block-separator has-css-opacity\"\/>\n\n\n\n<h3 class=\"wp-block-heading\" id=\"lr-health-beauty\"><strong>LR Health &amp; Beauty<\/strong><\/h3>\n\n\n\n<p><\/p>\n\n\n\n<p>Az eur\u00f3pai Aloe Vera c\u00e9g.<\/p>\n\n\n\n<p>N\u00e9met min\u0151s\u00e9g, el\u00e9rhet\u0151 \u00e1rakon.&nbsp;<\/p>\n\n\n\n<p>Ezen a min\u0151s\u00e9gi szinten az Aloe Vera 1 literes g\u00e9l a legkedvez\u0151bb \u00e1ron kaphat\u00f3.<\/p>\n\n\n\n<p>Az \u00e9trend kieg\u00e9sz\u00edt\u0151k mellett a kozmetikai term\u00e9kek kiv\u00e1l\u00f3ak.<\/p>\n\n\n\n<p>Jelenleg a regisztr\u00e1ci\u00f3 Magyarorsz\u00e1gon kicsit k\u00f6r\u00fclm\u00e9nyes, mert a megh\u00edv\u00f3nak is van dolga vele, de n\u00e9zz k\u00f6r\u00fcl nyugodtan az oldalon \u00e9s a CSATLAKOZZ HOZZ\u00c1NK gombra kattintva \u00e9rheted el az \u0171rlapot:&nbsp;<\/p>\n\n\n\n<p><a href=\"https:\/\/www.lrworld.com\/lsiklosi\/\" target=\"_blank\" rel=\"noreferrer noopener\"><strong>N\u00c9ZD MEG!<\/strong><\/a><\/p>\n\n\n\n<hr class=\"wp-block-separator has-css-opacity\"\/>\n\n\n\n<h3 class=\"wp-block-heading\" id=\"mydailychoice\"><strong>MyDailyChoice<\/strong><\/h3>\n\n\n\n<p><\/p>\n\n\n\n<p>A n\u00f6veked\u0151 forgalm\u00fa amerikai, kiv\u00e1l\u00f3 \u00e9s egyedi m\u00f3don ellen\u0151rz\u00f6tt kender alap\u00fa term\u00e9kek (CBD olajok \u00e9s CBD olaj tartalm\u00fa term\u00e9kek) \u00e9s k\u00fcl\u00f6nlegesen feldolgozott gy\u00f3gyn\u00f6v\u00e9ny hat\u00f3anyag\u00fa term\u00e9kekkel (mikroniz\u00e1lt spray-k)&nbsp; indult amerikai c\u00e9g.<\/p>\n\n\n\n<p>A jelenleg el\u00e9rhet\u0151 egyik legjobb marketing t\u00e1mogat\u00e1ssal, a legmagasabb min\u0151s\u00e9gi szint\u0171 CBD olajokat tudod itt megvenni. Regisztr\u00e1lj v\u00e1s\u00e1rl\u00f3k\u00e9nt, \u00e9s ha \u00fagy \u00e9rzed, egy gombnyom\u00e1ssal \u00fczleti fi\u00f3kk\u00e1 alak\u00edthatod  a v\u00e1s\u00e1rl\u00f3i fi\u00f3kodat.<\/p>\n\n\n\n<p>\u00c9s egyre t\u00f6bb term\u00e9kkel Marketplace-k\u00e9nt m\u0171k\u00f6dik. Folyamatosan b\u0151v\u00fcl a k\u00edn\u00e1lat, de tal\u00e1n a leghasznosabb a v\u00e1s\u00e1rl\u00e1si utalv\u00e1ny, amit ak\u00e1r t\u00f6bbsz\u00f6r is le tudsz v\u00e1s\u00e1rolni. Ez nem vicc.<\/p>\n\n\n\n<p><strong>Jelenleg legal\u00e1bb 12 \u00fczlet\u00e1gban tudsz r\u00e9szt venni:&nbsp;<\/strong><\/p>\n\n\n\n<p>&#8211; Daily Sprays (11 f\u00e9le mikroniz\u00e1lt hat\u00f3anyag\u00fa sz\u00e1jspray)<\/p>\n\n\n\n<p>&#8211; HEMPWORKS (CBD olaj alap\u00fa term\u00e9kek, CBD tinkt\u00fara, CBD alap\u00fa kr\u00e9mek, haj\u00e1pol\u00f3 term\u00e9kek, f\u00fcrd\u0151goly\u00f3k)<\/p>\n\n\n\n<p>&#8211; MANTRA (esszenci\u00e1lis olajok)<\/p>\n\n\n\n<p>&#8211; KOZMETIKUMOK (parf\u00fcm\u00f6k, szemceruza, alapoz\u00f3, piros\u00edt\u00f3, sz\u00e1jf\u00e9ny)<\/p>\n\n\n\n<p>&#8211; BODYMELT (fogy\u00f3k\u00fara, m\u00e9regtelen\u00edt\u00e9s, test\u00e9p\u00edt\u00e9s)<\/p>\n\n\n\n<p>&#8211; HEMP MOMMA (kender alap\u00fa ruh\u00e1k)<\/p>\n\n\n\n<p>&#8211; HIGH LIFE TRAVEL (k\u00fcl\u00f6nleges utaz\u00e1si lehet\u0151s\u00e9g, a befizetett \u00f6sszeg t\u00f6bbsz\u00f6r\u00f6s\u00e9t tudod elutazni!)<\/p>\n\n\n\n<p>&#8211; AKASHX (devizap\u00e1r kereskedelmi platform, min\u0151s\u00e9gi keresked\u0151ket tudsz a p\u00e9nzeddel k\u00f6vetni.)<\/p>\n\n\n\n<p>&#8211; Aut\u00f3s term\u00e9kek <\/p>\n\n\n\n<ul class=\"wp-block-list\">\n<li>Fuel Factor X = FFX (k\u00fcl\u00f6nleges, fogyaszt\u00e1scs\u00f6kkent\u0151 \u00fczemanyag adal\u00e9k)<\/li>\n\n\n\n<li>OptiMyst v\u00edz n\u00e9lk\u00fcli karossz\u00e9ria \u00e9s \u00fcveg tiszt\u00edt\u00e1s<\/li>\n<\/ul>\n\n\n\n<p><\/p>\n\n\n\n<p>Ha pedig csak v\u00e1s\u00e1rl\u00f3k\u00e9nt \u00e9rdekel a MDC, egyed\u00fcl\u00e1ll\u00f3 lehet\u0151s\u00e9gk\u00e9nt a megrendelt term\u00e9kek \u00e1r\u00e1t az utaz\u00e1si \u00fczlet\u00e1gban &#8222;le lehet utazni&#8221;.<\/p>\n\n\n\n<p><a href=\"https:\/\/www.mydailychoice.com\/MDCALOAHU\" target=\"_blank\" rel=\"noreferrer noopener\">Ez az \u00e9n weboldalam<\/a><\/p>\n\n\n\n<p><a href=\"https:\/\/winwithmdc.com\/cp140\/mdcaloahu\" target=\"_blank\" rel=\"noreferrer noopener\">\u00c9s ITT ind\u00edthatod az \u00fczleti \u00e9rdekl\u0151d\u00e9sedet<\/a> (be kell regisztr\u00e1lnod a SZ\u00dcRKE &lt;Customer&gt; gombra nyomj \u00e9s t\u00f6ltsd ki az \u0171rlapot. Nem ker\u00fcl semmibe)<\/p>\n\n\n\n<hr class=\"wp-block-separator has-css-opacity\"\/>\n\n\n\n<h3 class=\"wp-block-heading\" id=\"zinzino\"><strong>ZINZINO<\/strong><\/h3>\n\n\n\n<p><\/p>\n\n\n\n<p>Sokan tudj\u00e1k, hogy sz\u00fcks\u00e9g van az omega 3-ra, de vajon tudj\u00e1k-e mi\u00e9rt, milyen betegs\u00e9gek sz\u00e1rmaznak a hi\u00e1ny\u00e1b\u00f3l \u00e9s vajon tudj\u00e1k-e,&nbsp;milyen a J\u00d3 omega 3?&nbsp;<\/p>\n\n\n\n<p>Honnan sz\u00e1rmazik, milyen az \u00f6sszet\u00e9tele, milyen mennyis\u00e9gben kell fogyasztani \u00e9s mi az az egy dolog, aminek felt\u00e9tlen\u00fcl benne kell lennie, ahhoz, hogy&nbsp; be\u00e9p\u00fclj\u00f6n \u00e9s ne avasodjon meg?&nbsp;<\/p>\n\n\n\n<p>Hogy lehet m\u00e9rni, hogy elegend\u0151 mennyis\u00e9get esz\u00fcnk-e?<\/p>\n\n\n\n<p><strong>A Zinzino tudja erre a v\u00e1laszt&#8230;<\/strong><\/p>\n\n\n\n<p><a rel=\"noreferrer noopener\" href=\"https:\/\/www.zinzino.com\/2005899949\/HU\/hu-HU\/products\/Premier-Offers\" target=\"_blank\"><strong>N\u00e9zz k\u00f6r\u00fcl az \u00e1ruh\u00e1zban: ITT<\/strong><\/a><\/p>\n\n\n\n<hr class=\"wp-block-separator has-css-opacity\"\/>\n\n\n\n<h3 class=\"wp-block-heading\" id=\"forever-living-products\"><strong>Forever Living Products<\/strong><\/h3>\n\n\n\n<p><\/p>\n\n\n\n<p>A Forever Living Products Magyarorsz\u00e1gon m\u00e1r \u00e9vtizedek \u00f3ta jelen van.&nbsp;<\/p>\n\n\n\n<p>Mindegyik term\u00e9k\u00fck kiv\u00e1l\u00f3 min\u0151s\u00e9g\u0171. Viszont sokan nem engedhetik meg az itt v\u00e1s\u00e1rl\u00e1st, mert a term\u00e9kek \u00e1rfekv\u00e9se nem a magyar \u00e1tlagos emberek sz\u00e1m\u00e1ra van kital\u00e1lva, r\u00e1ad\u00e1sul l\u00e9nyegesen olcs\u00f3bban is el\u00e9rhet\u0151k hasonl\u00f3 min\u0151s\u00e9g\u0171 term\u00e9kek. Itt automatikusan 5% kedvezm\u00e9nyt kapsz a lista\u00e1rb\u00f3l.<\/p>\n\n\n\n<p>Az al\u00e1bbi linken tal\u00e1lhatsz egy olyan kos\u00e1r \u00f6ssze\u00e1ll\u00edt\u00e1st, amiben az \u00e1ltalam javasolt term\u00e9keket egy egyszer\u0171 regisztr\u00e1ci\u00f3val megveheted.<\/p>\n\n\n\n<p><a rel=\"noreferrer noopener\" href=\"https:\/\/www.flpshop.hu\/customers\/recommend\/load?id=ZmxwXzIyODk5OQ==\" target=\"_blank\"><strong>ITT tal\u00e1lod az FLP kosarat.<\/strong><\/a><\/p>\n","protected":false},"excerpt":{"rendered":"<p>Sokan arra akarnak r\u00e1venni, hogy dr\u00e1ga kezd\u0151csomagokkal kezdj h\u00e1l\u00f3zat \u00e9p\u00edt\u00e9sbe? Itt nincs ilyen. Minden\u00fctt egy egyszer\u0171 web\u00e1ruh\u00e1zba tudsz regisztr\u00e1lni, ahol kedvezm\u00e9nyes \u00e1ron v\u00e1s\u00e1rolhatsz. De el\u0151bb n\u00e9zd meg a weboldal elej\u00e9t: Kezd\u0151lap SuperPatch (Szupertapasz) A leg\u00fajabb seg\u00edts\u00e9g, a szuper tapaszok: N\u00e9zz csak k\u00f6r\u00fcl: www.superpatch.com \u00c9s hogy mi is ez? Hogy m\u0171k\u00f6dik? \u00cdme egy vide\u00f3: USA Medical [&hellip;]<\/p>\n","protected":false},"author":1,"featured_media":0,"parent":0,"menu_order":0,"comment_status":"closed","ping_status":"closed","template":"","meta":{"footnotes":""},"class_list":["post-39562","page","type-page","status-publish","hentry"],"_links":{"self":[{"href":"https:\/\/www.aloa.hu\/index.php?rest_route=\/wp\/v2\/pages\/39562","targetHints":{"allow":["GET"]}}],"collection":[{"href":"https:\/\/www.aloa.hu\/index.php?rest_route=\/wp\/v2\/pages"}],"about":[{"href":"https:\/\/www.aloa.hu\/index.php?rest_route=\/wp\/v2\/types\/page"}],"author":[{"embeddable":true,"href":"https:\/\/www.aloa.hu\/index.php?rest_route=\/wp\/v2\/users\/1"}],"replies":[{"embeddable":true,"href":"https:\/\/www.aloa.hu\/index.php?rest_route=%2Fwp%2Fv2%2Fcomments&post=39562"}],"version-history":[{"count":83,"href":"https:\/\/www.aloa.hu\/index.php?rest_route=\/wp\/v2\/pages\/39562\/revisions"}],"predecessor-version":[{"id":40100,"href":"https:\/\/www.aloa.hu\/index.php?rest_route=\/wp\/v2\/pages\/39562\/revisions\/40100"}],"wp:attachment":[{"href":"https:\/\/www.aloa.hu\/index.php?rest_route=%2Fwp%2Fv2%2Fmedia&parent=39562"}],"curies":[{"name":"wp","href":"https:\/\/api.w.org\/{rel}","templated":true}]}}