{"id":39600,"date":"2021-10-18T19:55:08","date_gmt":"2021-10-18T17:55:08","guid":{"rendered":"https:\/\/www.aloa.hu\/?page_id=39600"},"modified":"2021-12-05T18:53:45","modified_gmt":"2021-12-05T17:53:45","slug":"tagok-oldalai","status":"publish","type":"page","link":"https:\/\/www.aloa.hu\/?page_id=39600","title":{"rendered":"Tagok oldalai"},"content":{"rendered":"<div class=\"swpm-post-not-logged-in-msg\">A tartalom megtekint\u00e9s\u00e9hez be kell jelentkeznie. K\u00e9rj\u00fck <a class=\"swpm-login-link\" href=\"https:\/\/www.aloa.hu\/?page_id=39358\">jelentkezzen be<\/a>. M\u00e9g nem el\u0151fizet\u0151? <a href=\"https:\/\/www.aloa.hu\/?page_id=39355\">Csatlakozzon hozz\u00e1nk!<\/a><\/div>","protected":false},"excerpt":{"rendered":"<p>A tartalom megtekint\u00e9s\u00e9hez be kell jelentkeznie. K\u00e9rj\u00fck jelentkezzen be. M\u00e9g nem el\u0151fizet\u0151? Csatlakozzon hozz\u00e1nk!<\/p>\n","protected":false},"author":1,"featured_media":0,"parent":0,"menu_order":0,"comment_status":"closed","ping_status":"closed","template":"","meta":{"footnotes":""},"class_list":["post-39600","page","type-page","status-publish","hentry"],"_links":{"self":[{"href":"https:\/\/www.aloa.hu\/index.php?rest_route=\/wp\/v2\/pages\/39600","targetHints":{"allow":["GET"]}}],"collection":[{"href":"https:\/\/www.aloa.hu\/index.php?rest_route=\/wp\/v2\/pages"}],"about":[{"href":"https:\/\/www.aloa.hu\/index.php?rest_route=\/wp\/v2\/types\/page"}],"author":[{"embeddable":true,"href":"https:\/\/www.aloa.hu\/index.php?rest_route=\/wp\/v2\/users\/1"}],"replies":[{"embeddable":true,"href":"https:\/\/www.aloa.hu\/index.php?rest_route=%2Fwp%2Fv2%2Fcomments&post=39600"}],"version-history":[{"count":1,"href":"https:\/\/www.aloa.hu\/index.php?rest_route=\/wp\/v2\/pages\/39600\/revisions"}],"predecessor-version":[{"id":39603,"href":"https:\/\/www.aloa.hu\/index.php?rest_route=\/wp\/v2\/pages\/39600\/revisions\/39603"}],"wp:attachment":[{"href":"https:\/\/www.aloa.hu\/index.php?rest_route=%2Fwp%2Fv2%2Fmedia&parent=39600"}],"curies":[{"name":"wp","href":"https:\/\/api.w.org\/{rel}","templated":true}]}}