{"id":39852,"date":"2022-05-02T17:13:37","date_gmt":"2022-05-02T15:13:37","guid":{"rendered":"https:\/\/www.aloa.hu\/?page_id=39852"},"modified":"2022-05-27T09:07:42","modified_gmt":"2022-05-27T07:07:42","slug":"uj-ajanlo","status":"publish","type":"page","link":"https:\/\/www.aloa.hu\/?page_id=39852","title":{"rendered":"\u00daj FFX haszn\u00e1l\u00f3"},"content":{"rendered":"\n<p><strong>Legy\u00e9l Te is FFX haszn\u00e1l\u00f3!<\/strong><\/p>\n\n\n\n<p><strong>Az FFX egy k\u00fcl\u00f6nleges \u00fczemanyag adal\u00e9k!<\/strong> 5-15% fogyaszt\u00e1s cs\u00f6kkent\u00e9s v\u00e1rhat\u00f3 a folyamatos haszn\u00e1lata sor\u00e1n.<\/p>\n\n\n\n<p><strong><em>Megrendelheted az els\u0151 FFX flask\u00e1dat, ami kb. 1200 liter \u00fczemanyaghoz elegend\u0151. Fizetend\u0151 kb. 60 liter \u00fczemanyag jelenlegi \u00e1ra.<\/em><\/strong><\/p>\n\n\n\n<p>Semmit sem kock\u00e1ztatsz, hiszen ha nem v\u00e1lik be n\u00e1lad ez az adal\u00e9k, akkor visszakapod az \u00e1r\u00e1t.<\/p>\n\n\n\n<p><strong>Regisztr\u00e1lj Vev\u0151k\u00e9nt ingyenesen!<\/strong> Itt alul add meg azt az email c\u00edmet, amit a regisztr\u00e1ci\u00f3hoz fogsz haszn\u00e1lni.<\/p>\n\n\n\n<p><strong>Figyelem<\/strong>, a rendel\u00e9skor m\u00e9g kb. 10\u20ac sz\u00e1ll\u00edt\u00e1si k\u00f6lts\u00e9g \u00e9s az eg\u00e9sz \u00f6sszegre 27% magyar \u00c1FA j\u00f6n a fizetend\u0151h\u00f6z. <strong>A sz\u00e1ll\u00edt\u00e1s kb. 2-3 h\u00e9t m\u00falva v\u00e1rhat\u00f3.<\/strong><\/p>\n\n\n\n<p>R\u00f6gt\u00f6n kapsz egy emailt, amiben a rendel\u00e9si infok is vannak.<\/p>\n\n\n\n<p><strong>Ha m\u00e1snak is aj\u00e1nlani akarod, \u00e9s az aj\u00e1nl\u00e1s\u00e9rt szeretn\u00e9l d\u00edjaz\u00e1sban r\u00e9szes\u00fclni, kapni fogsz egy un. elkap\u00f3 oldalt, ami alapj\u00e1n az \u00e1ltalad hozott vev\u0151ket be lehet azonos\u00edtani. A tov\u00e1bbi felt\u00e9telekr\u0151l az <a rel=\"noreferrer noopener\" href=\"mailto:FFX@ALOA.HU?Subject=FFX \u00daj haszn\u00e1l\u00f3i megkeres\u00e9s\" target=\"_blank\">FFX@ALOA.HU<\/a> email c\u00edmen \u00e9rdekl\u0151dj!<\/strong><\/p>\n\n\n\n<p>A kos\u00e1rb\u00f3l az \u201c<strong>\u00daj Checkout<\/strong>\u201d Gombbal tudsz tov\u00e1bb l\u00e9pni (ha m\u00e1r regisztr\u00e1lt\u00e1l, akkor csak a P\u00e9nzt\u00e1rhoz menj!) .<\/p>\n\n\n\n<p>C\u00e9lszer\u0171&nbsp;<strong>\u00dcGYF\u00c9L<\/strong>-k\u00e9nt (<strong>CUSTOMER<\/strong>), nem le\u00e1nyv\u00e1llalatk\u00e9nt (Affiliate) regisztr\u00e1lni a rendel\u00e9s folyamat\u00e1ban.<\/p>\n\n\n\n<hr class=\"wp-block-separator has-css-opacity\"\/>\n\n\n\n<div class=\"forminator-guttenberg\"><div class=\"forminator-ui forminator-custom-form forminator-custom-form-39845 forminator-design--default  forminator_ajax\" data-forminator-render=\"0\" data-form=\"forminator-module-39845\" data-uid=\"69e292b5b6b90\"><br\/><\/div><form\n\t\t\t\tid=\"forminator-module-39845\"\n\t\t\t\tclass=\"forminator-ui forminator-custom-form forminator-custom-form-39845 forminator-design--default  forminator_ajax\"\n\t\t\t\tmethod=\"post\"\n\t\t\t\tdata-forminator-render=\"0\"\n\t\t\t\tdata-form-id=\"39845\"\n\t\t\t\t\n\t\t\t\tdata-design=\"default\"\n\t\t\t\t\n\t\t\t\t\n\t\t\t\t\n\t\t\t\tdata-grid=\"open\"\n\t\t\t\t\n\t\t\t\t\n\t\t\t\tstyle=\"display: none;\"\n\t\t\t\t\n\t\t\t\tdata-uid=\"69e292b5b6b90\"\n\t\t\t><div role=\"alert\" aria-live=\"polite\" class=\"forminator-response-message forminator-error\" aria-hidden=\"true\"><\/div><div class=\"forminator-row\"><div id=\"email-1\" class=\"forminator-field-email forminator-col forminator-col-12 \"><div class=\"forminator-field\"><label for=\"forminator-field-email-1_69e292b5b6b90\" id=\"forminator-field-email-1_69e292b5b6b90-label\" class=\"forminator-label\">Email c\u00edmed <span class=\"forminator-required\">*<\/span><\/label><input type=\"email\" name=\"email-1\" value=\"\" placeholder=\"\" id=\"forminator-field-email-1_69e292b5b6b90\" class=\"forminator-input forminator-email--field\" data-required=\"1\" aria-required=\"true\" aria-describedby=\"forminator-field-email-1_69e292b5b6b90-description\" \/><span id=\"forminator-field-email-1_69e292b5b6b90-description\" class=\"forminator-description\">K\u00e9rlek add meg az email c\u00edmedet, hogy r\u00f6gz\u00edts\u00fck \u00e9rdekl\u0151d\u00e9sedet munkat\u00e1rsunk aj\u00e1nl\u00e1s\u00e1ra.<\/span><\/div><\/div><\/div><div class=\"forminator-row\"><div id=\"gdprcheckbox-1\" class=\"forminator-field-gdprcheckbox forminator-col forminator-col-12 \"><div class=\"forminator-field\"><label for=\"forminator-field-gdprcheckbox-1_69e292b5b6b90\" id=\"forminator-field-gdprcheckbox-1_69e292b5b6b90-label\" class=\"forminator-label\">GDPR <span class=\"forminator-required\">*<\/span><\/label><label for=\"forminator-field-gdprcheckbox-1_69e292b5b6b90\" class=\"forminator-checkbox\"><input type=\"checkbox\" name=\"gdprcheckbox-1\" value=\"true\" id=\"forminator-field-gdprcheckbox-1_69e292b5b6b90\" data-required=\"true\" aria-required=\"true\" \/><span class=\"forminator-checkbox-box\" aria-hidden=\"true\"><\/span><span class=\"forminator-checkbox-label\">\u00d6nmag\u00e1ban az email c\u00edmed megad\u00e1sa nem tartozik a GDPR hat\u00e1lya al\u00e1, de k\u00e9r\u00fcnk egyezz bele, hogy k\u00fcldhet\u00fcnk majd egy emailt a megadott c\u00edmre.<\/span><\/label><\/div><\/div><\/div><div class=\"forminator-row\"><div id=\"captcha-1\" class=\"forminator-field-captcha forminator-col forminator-col-12 \"><div class=\"forminator-captcha-left forminator-g-recaptcha\" data-theme=\"light\"  data-sitekey=\"6Lc3eKspAAAAAKx2JNHANjy44Rqu_JGhY8UfXVit\" data-size=\"normal\"><\/div> <\/div><\/div><input type=\"hidden\" name=\"referer_url\" value=\"\" \/><div class=\"forminator-row forminator-row-last\"><div class=\"forminator-col\"><div class=\"forminator-field\"><button class=\"forminator-button forminator-button-submit\">N&eacute;zz&uuml;k meg!<\/button><\/div><\/div><\/div><input type=\"hidden\" id=\"forminator_nonce\" name=\"forminator_nonce\" value=\"881eb2817b\" \/><input type=\"hidden\" name=\"_wp_http_referer\" value=\"\/index.php?rest_route=%2Fwp%2Fv2%2Fpages%2F39852\" \/><input type=\"hidden\" name=\"form_id\" value=\"39845\"><input type=\"hidden\" name=\"page_id\" value=\"39852\"><input type=\"hidden\" name=\"form_type\" value=\"default\"><input type=\"hidden\" name=\"current_url\" value=\"https:\/\/www.aloa.hu\/?page_id=39852\"><input type=\"hidden\" name=\"render_id\" value=\"0\"><input type=\"hidden\" name=\"action\" value=\"forminator_submit_form_custom-forms\"><\/form><\/div>\n\n\n\n<hr class=\"wp-block-separator has-css-opacity\"\/>\n\n\n\n<figure class=\"wp-block-video\"><video height=\"240\" style=\"aspect-ratio: 438 \/ 240;\" width=\"438\" controls src=\"https:\/\/www.aloa.hu\/wp-content\/uploads\/2022\/05\/FFX-az-uj-univerzalis-uzemanyag-adalek.mp4\"><\/video><\/figure>\n\n\n\n<hr class=\"wp-block-separator has-css-opacity\"\/>\n\n\n\n<p><strong>FUEL FACTOR X Le\u00edr\u00e1s<\/strong><\/p>\n\n\n\n<p>\u00daj term\u00e9k az eur\u00f3pai piacon!<br>Ak\u00e1r <strong>5-15%<\/strong> \u00fczemanyag megtakar\u00edt\u00e1s \u00e9s egy\u00e9b el\u0151ny\u00f6k!<br>FFX \u2013 FUEL FACTOR X, az \u00faj univerz\u00e1lis \u00fczemanyag adal\u00e9k!<br>Foly\u00e9kony chiptuning a j\u00e1rm\u0171vednek!<br>FFX, az \u00fczemanyag adal\u00e9k specialista!<\/p>\n\n\n\n<p><\/p>\n\n\n\n<p>Az \u00faj pr\u00e9mium \u00fczemanyag adal\u00e9k egyre t\u00f6bb orsz\u00e1gban el\u00e9rhet\u0151!<br>Felejtsd el azt, amit eddig az \u00fczemanyag adal\u00e9kokr\u00f3l gondolt\u00e1l! Az FFX speci\u00e1lis \u00f6sszet\u00e9tel\u00e9nek k\u00f6sz\u00f6nhet\u0151en minden kih\u00edv\u00e1ssal megbirk\u00f3zik! A c\u00e9lunk olyan professzion\u00e1lis adal\u00e9k megalkot\u00e1sa volt, ami a szakma cs\u00facs\u00e1t k\u00e9pviseli.<\/p>\n\n\n\n<p><strong>Benzin \u00e9s d\u00edzel \u00fczem\u0171 j\u00e1rm\u0171vekhez, b\u00e1rmilyen robban\u00f3motoros g\u00e9phez, eszk\u00f6z\u00f6kh\u00f6z haszn\u00e1lhat\u00f3!<\/strong><br>B\u00e1rmilyen g\u00e9pj\u00e1rm\u0171 t\u00edpushoz:<br>\u2022 szem\u00e9lyg\u00e9pj\u00e1rm\u0171<br>\u2022 teherg\u00e9pj\u00e1rm\u0171<br>\u2022 lak\u00f3aut\u00f3<br>\u2022 quad<br>\u2022 motorker\u00e9kp\u00e1r<br>\u2022 haj\u00f3<br>\u2022 neh\u00e9zg\u00e9pek\/munkag\u00e9pek<br>\u2022 gener\u00e1tor<br>\u2022 kerti g\u00e9pek<\/p>\n\n\n\n<p><strong>\u00c1tfog\u00f3 \u00fczemanyag kezel\u00e9s<\/strong><br>\u2022 fokozza a teljes\u00edtm\u00e9nyt<br>\u2022 meghosszabb\u00edtja a motor \u00e9lettartam\u00e1t<br>\u2022 cs\u00f6kkenti az \u00fczemanyag fogyaszt\u00e1st<br>\u2022 cs\u00f6kkenti a k\u00e1ros anyag kibocs\u00e1t\u00e1st<\/p>\n\n\n\n<p><strong>All in one megold\u00e1s<\/strong><br>Az FFX teljes k\u00f6r\u0171 megold\u00e1s. M\u00e1s term\u00e9kekben csak 2-3 \u00f6sszetev\u0151 van jelen, de itt MINDEN megvan, ami sz\u00fcks\u00e9ges. T\u00f6bbf\u00e9le term\u00e9ket kellene \u00f6sszekeverned ahhoz, hogy az FFX hat\u00e1smechanizmus\u00e1nak \u00e9s hat\u00e9konys\u00e1g\u00e1nak k\u00f6zel\u00e9be \u00e9rjenek.<br>Superfood a motornak. Sokf\u00e9le anyagb\u00f3l, minden egyes anyag speci\u00e1lis c\u00e9llal megtervezve. Olyan, mintha Szuperkaj\u00e1t t\u00f6lten\u00e9l a motorba.<br>Tudom\u00e1ny a term\u00e9k m\u00f6g\u00f6tt! Nobel d\u00edjas felfedez\u00e9s alapj\u00e1n!<br>60 nap p\u00e9nz visszafizet\u00e9si garancia!<\/p>\n\n\n\n<p><strong>Mi\u00e9rt v\u00e1laszd az FFX-et?<\/strong><br>\u2022 <strong>Meghosszabb\u00edtja a motor \u00e9let\u00e9t \u00e9s cs\u00f6kkenti a kop\u00e1st<\/strong>: Az FFX a hat\u00f3anyagok olyan kombin\u00e1ci\u00f3j\u00e1t tartalmazza, amelyek egy\u00fcttesen hatva a motort tiszt\u00e1n, kopog\u00e1smentesen, sima fut\u00e1sban tartj\u00e1k. V\u00e9geredm\u00e9nyben a motor mozg\u00f3 alkatr\u00e9szei \u00e9s az \u00fczemanyag rendszer j\u00f3val kevesebb lerak\u00f3d\u00e1ssal, sokkal tov\u00e1bb fog m\u0171k\u00f6dni, jobb hat\u00e1sfokkal \u00e9s k\u00f6lts\u00e9gtakar\u00e9kosan.<br>\u2022 <strong>N\u00f6veli az \u00fczemanyag hat\u00e9konys\u00e1g\u00e1t, cs\u00f6kkenti az \u00fczemanyag fogyaszt\u00e1st<\/strong>, ak\u00e1r 5-15% megtakar\u00edt\u00e1ssal!<br>\u2022 <strong>Megn\u00f6veli a j\u00e1rm\u0171<\/strong> <strong>teljes\u00edtm\u00e9ny\u00e9t<\/strong>: Az \u00fczemanyag BTU (Britsh Thermal Unit 1 BTU = 1055,1 J = 0,293 Wh) teljes\u00edtm\u00e9ny\u00e9t k\u00e9pes n\u00f6velni, ezzel v\u00e1lik hat\u00e9konyabb\u00e1 az eg\u00e9sz rendszer.<br>\u2022 <strong>F\u00e9morganikus \u00f6sszetev\u0151k<\/strong>: Olyan kataliz\u00e1tor anyag, amely seg\u00edti az \u00fczemanyag alacsonyabb h\u0151fokon t\u00f6rt\u00e9n\u0151 robban\u00e1s\u00e1t, \u00edgy sokkal tov\u00e1bb tart\u00f3 \u00e9s teljesebb \u00fczemanyag\u00e9g\u00e9st biztos\u00edt. Ez n\u00f6veli az \u00fczemanyag hat\u00e9konys\u00e1g\u00e1t, gazdas\u00e1goss\u00e1g\u00e1t. Cs\u00f6kkenti a kipufog\u00f3rendszeren kereszt\u00fcli \u00fczemanyag pazarl\u00e1st, \u00edgy a k\u00e1rosanyag kibocs\u00e1t\u00e1st. Adott mennyis\u00e9g\u0171 \u00fczemanyagb\u00f3l sokkal nagyobb energi\u00e1t tud el\u0151\u00e1ll\u00edtani.<br>\u2022 <strong>Olajoz\u00e1s\/ken\u00e9s<\/strong>: Cs\u00f6kkenti a s\u00farl\u00f3d\u00e1st a szelepekn\u00e9l, injektorokn\u00e1l, f\u00fav\u00f3k\u00e1kn\u00e1l, megn\u00f6velve a motor \u00e9lettartam\u00e1t.<br>\u2022 <strong>Tiszt\u00edt\u00e1s<\/strong>: Tiszt\u00edtja a befecskendez\u00e9si rendszert, illetve a teljes \u00fczemanyag ell\u00e1t\u00f3 rendszert, \u00edgy a motor a legnagyobb hat\u00e9konys\u00e1ggal tud m\u0171k\u00f6dni.<br>\u2022 <strong>Polimeriz\u00e1ci\u00f3 k\u00e9sleltet\u00e9s<\/strong>: Megakad\u00e1lyozza azoknak az apr\u00f3 kis \u201ekoszol\u00f3d\u00e1soknak\u201d a kialakul\u00e1s\u00e1t, melyek k\u00e9s\u0151bb le\u00fclepednek a tankban illetve a teljes \u00fczemanyag ell\u00e1t\u00f3 rendszerben, t\u00f6k\u00e9letesen tiszt\u00e1n tartja a motort.<br>\u2022 <strong>Korr\u00f3zi\u00f3 v\u00e9delem<\/strong>: Elt\u00e1vol\u00edtja a korr\u00f3zi\u00f3t \u00e9s a rozsd\u00e1t a teljes \u00fczemanyagell\u00e1t\u00f3 rendszerb\u0151l.<br>\u2022 <strong>Emulzi\u00f3s v\u00e9delem<\/strong>: Elk\u00fcl\u00f6n\u00edti a vizet az \u00fczemanyagt\u00f3l. Egyetlen csepp v\u00edz az eg\u00e9sz rendszerben teljesen t\u00f6nkre teheti a motort.<br>\u2022 <strong>\u00dczemanyag stabiliz\u00e1tor<\/strong>: Megv\u00e9di az \u00fczemanyagot a boml\u00e1st\u00f3l, hosszabb \u00e9lettartamot \u00e9s felhaszn\u00e1lhat\u00f3s\u00e1got adva annak.<br>\u2022 <strong>Cs\u00f6kkenti a vesz\u00e9lyes anyag kibocs\u00e1t\u00e1st \u00e9s a l\u00e9gszennyez\u00e9st<\/strong>: A kipufog\u00f3rendszerben cs\u00f6kkenti a k\u00e1ros anyag kibocs\u00e1t\u00e1st, ezzel sokat tesz az eg\u00e9szs\u00e9ges k\u00f6rnyezet v\u00e9delm\u00e9ben.<br><\/p>\n\n\n\n<hr class=\"wp-block-separator has-css-opacity\"\/>\n\n\n\n<p>Az FFX adal\u00e9k haszn\u00e1lata&nbsp;<strong>nem befoly\u00e1solja a motor gy\u00e1ri garanci\u00e1j\u00e1t<\/strong>. Ha m\u00e9gis bizony\u00edthat\u00f3 lenne a rossz hat\u00e1s, arra az esetre a MyDailyChoice rendelkezik speci\u00e1lis biztos\u00edt\u00e1ssal.<\/p>\n\n\n\n<p><strong>Adagol\u00e1sa:<\/strong>\u00a010 liter \u00fczemanyaghoz 1 ml adal\u00e9k sz\u00fcks\u00e9ges, minden tankol\u00e1skor. Az els\u0151 2-3 alkalmaz\u00e1skor dupla mennyis\u00e9get kell haszn\u00e1lni (kb. 50 l \u00fczemanyaghoz egy tasakot). Neh\u00e9zg\u00e9pek eset\u00e9n fele ennyi is el\u00e9g (azaz 20 liter \u00fczemanyaghoz 1 ml adal\u00e9k)<\/p>\n\n\n\n<p><strong>60 nap p\u00e9nzvisszafizet\u00e9si garancia! Nincs kock\u00e1zat! <\/strong>Vedd meg, haszn\u00e1ld a javaslatnak megfelel\u0151en minden tankol\u00e1sn\u00e1l, \u00e9s ha el\u00e9gedetlen vagy, visszakapod a term\u00e9k \u00e1r\u00e1t!<\/p>\n\n\n\n<p><strong>A 120 ml-es flakon kb. 1200 Liter \u00fczemanyaghoz elegend\u0151!!!<br>\u00dczletekben nem el\u00e9rhet\u0151!!!<\/strong><\/p>\n\n\n\n<hr class=\"wp-block-separator has-css-opacity\"\/>\n\n\n\n<div class=\"forminator-guttenberg\"><div class=\"forminator-ui forminator-custom-form forminator-custom-form-39845 forminator-design--default  forminator_ajax\" data-forminator-render=\"1\" data-form=\"forminator-module-39845\" data-uid=\"69e292b5b8c75\"><br\/><\/div><form\n\t\t\t\tid=\"forminator-module-39845\"\n\t\t\t\tclass=\"forminator-ui forminator-custom-form forminator-custom-form-39845 forminator-design--default  forminator_ajax\"\n\t\t\t\tmethod=\"post\"\n\t\t\t\tdata-forminator-render=\"1\"\n\t\t\t\tdata-form-id=\"39845\"\n\t\t\t\t\n\t\t\t\tdata-design=\"default\"\n\t\t\t\t\n\t\t\t\t\n\t\t\t\t\n\t\t\t\tdata-grid=\"open\"\n\t\t\t\t\n\t\t\t\t\n\t\t\t\tstyle=\"display: none;\"\n\t\t\t\t\n\t\t\t\tdata-uid=\"69e292b5b8c75\"\n\t\t\t><div role=\"alert\" aria-live=\"polite\" class=\"forminator-response-message forminator-error\" aria-hidden=\"true\"><\/div><div class=\"forminator-row\"><div id=\"email-1\" class=\"forminator-field-email forminator-col forminator-col-12 \"><div class=\"forminator-field\"><label for=\"forminator-field-email-1_69e292b5b8c75\" id=\"forminator-field-email-1_69e292b5b8c75-label\" class=\"forminator-label\">Email c\u00edmed <span class=\"forminator-required\">*<\/span><\/label><input type=\"email\" name=\"email-1\" value=\"\" placeholder=\"\" id=\"forminator-field-email-1_69e292b5b8c75\" class=\"forminator-input forminator-email--field\" data-required=\"1\" aria-required=\"true\" aria-describedby=\"forminator-field-email-1_69e292b5b8c75-description\" \/><span id=\"forminator-field-email-1_69e292b5b8c75-description\" class=\"forminator-description\">K\u00e9rlek add meg az email c\u00edmedet, hogy r\u00f6gz\u00edts\u00fck \u00e9rdekl\u0151d\u00e9sedet munkat\u00e1rsunk aj\u00e1nl\u00e1s\u00e1ra.<\/span><\/div><\/div><\/div><div class=\"forminator-row\"><div id=\"gdprcheckbox-1\" class=\"forminator-field-gdprcheckbox forminator-col forminator-col-12 \"><div class=\"forminator-field\"><label for=\"forminator-field-gdprcheckbox-1_69e292b5b8c75\" id=\"forminator-field-gdprcheckbox-1_69e292b5b8c75-label\" class=\"forminator-label\">GDPR <span class=\"forminator-required\">*<\/span><\/label><label for=\"forminator-field-gdprcheckbox-1_69e292b5b8c75\" class=\"forminator-checkbox\"><input type=\"checkbox\" name=\"gdprcheckbox-1\" value=\"true\" id=\"forminator-field-gdprcheckbox-1_69e292b5b8c75\" data-required=\"true\" aria-required=\"true\" \/><span class=\"forminator-checkbox-box\" aria-hidden=\"true\"><\/span><span class=\"forminator-checkbox-label\">\u00d6nmag\u00e1ban az email c\u00edmed megad\u00e1sa nem tartozik a GDPR hat\u00e1lya al\u00e1, de k\u00e9r\u00fcnk egyezz bele, hogy k\u00fcldhet\u00fcnk majd egy emailt a megadott c\u00edmre.<\/span><\/label><\/div><\/div><\/div><div class=\"forminator-row\"><div id=\"captcha-1\" class=\"forminator-field-captcha forminator-col forminator-col-12 \"><div class=\"forminator-captcha-left forminator-g-recaptcha\" data-theme=\"light\"  data-sitekey=\"6Lc3eKspAAAAAKx2JNHANjy44Rqu_JGhY8UfXVit\" data-size=\"normal\"><\/div> <\/div><\/div><input type=\"hidden\" name=\"referer_url\" value=\"\" \/><div class=\"forminator-row forminator-row-last\"><div class=\"forminator-col\"><div class=\"forminator-field\"><button class=\"forminator-button forminator-button-submit\">N&eacute;zz&uuml;k meg!<\/button><\/div><\/div><\/div><input type=\"hidden\" id=\"forminator_nonce\" name=\"forminator_nonce\" value=\"881eb2817b\" \/><input type=\"hidden\" name=\"_wp_http_referer\" value=\"\/index.php?rest_route=%2Fwp%2Fv2%2Fpages%2F39852\" \/><input type=\"hidden\" name=\"form_id\" value=\"39845\"><input type=\"hidden\" name=\"page_id\" value=\"39852\"><input type=\"hidden\" name=\"form_type\" value=\"default\"><input type=\"hidden\" name=\"current_url\" value=\"https:\/\/www.aloa.hu\/?page_id=39852\"><input type=\"hidden\" name=\"render_id\" value=\"1\"><input type=\"hidden\" name=\"action\" value=\"forminator_submit_form_custom-forms\"><\/form><\/div>\n\n\n\n<p><\/p>\n\n\n\n<hr class=\"wp-block-separator has-css-opacity\"\/>\n\n\n\n<p><\/p>\n","protected":false},"excerpt":{"rendered":"<p>Legy\u00e9l Te is FFX haszn\u00e1l\u00f3! Az FFX egy k\u00fcl\u00f6nleges \u00fczemanyag adal\u00e9k! 5-15% fogyaszt\u00e1s cs\u00f6kkent\u00e9s v\u00e1rhat\u00f3 a folyamatos haszn\u00e1lata sor\u00e1n. Megrendelheted az els\u0151 FFX flask\u00e1dat, ami kb. 1200 liter \u00fczemanyaghoz elegend\u0151. Fizetend\u0151 kb. 60 liter \u00fczemanyag jelenlegi \u00e1ra. Semmit sem kock\u00e1ztatsz, hiszen ha nem v\u00e1lik be n\u00e1lad ez az adal\u00e9k, akkor visszakapod az \u00e1r\u00e1t. Regisztr\u00e1lj Vev\u0151k\u00e9nt [&hellip;]<\/p>\n","protected":false},"author":1,"featured_media":0,"parent":0,"menu_order":0,"comment_status":"closed","ping_status":"closed","template":"","meta":{"footnotes":""},"class_list":["post-39852","page","type-page","status-publish","hentry"],"_links":{"self":[{"href":"https:\/\/www.aloa.hu\/index.php?rest_route=\/wp\/v2\/pages\/39852","targetHints":{"allow":["GET"]}}],"collection":[{"href":"https:\/\/www.aloa.hu\/index.php?rest_route=\/wp\/v2\/pages"}],"about":[{"href":"https:\/\/www.aloa.hu\/index.php?rest_route=\/wp\/v2\/types\/page"}],"author":[{"embeddable":true,"href":"https:\/\/www.aloa.hu\/index.php?rest_route=\/wp\/v2\/users\/1"}],"replies":[{"embeddable":true,"href":"https:\/\/www.aloa.hu\/index.php?rest_route=%2Fwp%2Fv2%2Fcomments&post=39852"}],"version-history":[{"count":13,"href":"https:\/\/www.aloa.hu\/index.php?rest_route=\/wp\/v2\/pages\/39852\/revisions"}],"predecessor-version":[{"id":39943,"href":"https:\/\/www.aloa.hu\/index.php?rest_route=\/wp\/v2\/pages\/39852\/revisions\/39943"}],"wp:attachment":[{"href":"https:\/\/www.aloa.hu\/index.php?rest_route=%2Fwp%2Fv2%2Fmedia&parent=39852"}],"curies":[{"name":"wp","href":"https:\/\/api.w.org\/{rel}","templated":true}]}}